{"id":11,"date":"2016-11-19T16:55:22","date_gmt":"2016-11-19T15:55:22","guid":{"rendered":"http:\/\/www.frantisek-melnicky.cz\/?page_id=11"},"modified":"2016-11-19T17:18:53","modified_gmt":"2016-11-19T16:18:53","slug":"voda-topeni-plyn","status":"publish","type":"page","link":"https:\/\/www.frantisek-melnicky.cz\/","title":{"rendered":"Voda \/ Topen\u00ed \/ Plyn"},"content":{"rendered":"<p>pr\u00e1ce&#8230;<\/p>\n<ul>\n<li>mont\u00e1\u017ee <em>(voda, topen\u00ed, plyn)<\/em><\/li>\n<li>revize plynov\u00fdch spot\u0159ebi\u010d\u016f<\/li>\n<li>servis plynov\u00fdch spot\u0159ebi\u010d\u016f<\/li>\n<li>spl\u00e1tkov\u00fd prodej<\/li>\n<\/ul>\n","protected":false},"excerpt":{"rendered":"<p>pr\u00e1ce&#8230; mont\u00e1\u017ee (voda, topen\u00ed, plyn) revize plynov\u00fdch spot\u0159ebi\u010d\u016f servis plynov\u00fdch spot\u0159ebi\u010d\u016f spl\u00e1tkov\u00fd prodej<\/p>\n","protected":false},"author":1,"featured_media":0,"parent":0,"menu_order":0,"comment_status":"closed","ping_status":"closed","template":"template-full-width.php","meta":{"footnotes":""},"class_list":["post-11","page","type-page","status-publish","hentry"],"_links":{"self":[{"href":"https:\/\/www.frantisek-melnicky.cz\/index.php\/wp-json\/wp\/v2\/pages\/11","targetHints":{"allow":["GET"]}}],"collection":[{"href":"https:\/\/www.frantisek-melnicky.cz\/index.php\/wp-json\/wp\/v2\/pages"}],"about":[{"href":"https:\/\/www.frantisek-melnicky.cz\/index.php\/wp-json\/wp\/v2\/types\/page"}],"author":[{"embeddable":true,"href":"https:\/\/www.frantisek-melnicky.cz\/index.php\/wp-json\/wp\/v2\/users\/1"}],"replies":[{"embeddable":true,"href":"https:\/\/www.frantisek-melnicky.cz\/index.php\/wp-json\/wp\/v2\/comments?post=11"}],"version-history":[{"count":2,"href":"https:\/\/www.frantisek-melnicky.cz\/index.php\/wp-json\/wp\/v2\/pages\/11\/revisions"}],"predecessor-version":[{"id":17,"href":"https:\/\/www.frantisek-melnicky.cz\/index.php\/wp-json\/wp\/v2\/pages\/11\/revisions\/17"}],"wp:attachment":[{"href":"https:\/\/www.frantisek-melnicky.cz\/index.php\/wp-json\/wp\/v2\/media?parent=11"}],"curies":[{"name":"wp","href":"https:\/\/api.w.org\/{rel}","templated":true}]}}