{"id":15,"date":"2016-11-19T17:03:06","date_gmt":"2016-11-19T16:03:06","guid":{"rendered":"http:\/\/www.frantisek-melnicky.cz\/?page_id=15"},"modified":"2023-12-05T15:14:18","modified_gmt":"2023-12-05T14:14:18","slug":"kontakt","status":"publish","type":"page","link":"https:\/\/www.frantisek-melnicky.cz\/index.php\/kontakt\/","title":{"rendered":"Kontakt"},"content":{"rendered":"<ul>\n<li>Telefon: +420 603 423 490<\/li>\n<li>E-mail: melnicky.f@tiscali.cz<\/li>\n<li style=\"display: none;\">E-mail xxx@frantisek-melnicky.cz<\/li>\n<li>Adresa:\n<ul style=\"list-style-type: none;\">\n<li>Jen\u00edkovice 223<\/li>\n<li>T\u0159ebechovice pod Orebem<\/li>\n<li>503 46<\/li>\n<\/ul>\n<\/li>\n<\/ul>\n<ul>\n<li>I\u010c: 61226530<\/li>\n<li>DI\u010c: 7302022233<\/li>\n<li style=\"display: none;\">Bankovn\u00ed \u00fa\u010det<\/li>\n<\/ul>\n","protected":false},"excerpt":{"rendered":"<p>Telefon: +420 603 423 490 E-mail: melnicky.f@tiscali.cz E-mail xxx@frantisek-melnicky.cz Adresa: Jen\u00edkovice 223 T\u0159ebechovice pod Orebem 503 46 I\u010c: 61226530 DI\u010c: 7302022233 Bankovn\u00ed \u00fa\u010det<\/p>\n","protected":false},"author":1,"featured_media":0,"parent":0,"menu_order":0,"comment_status":"closed","ping_status":"closed","template":"","meta":{"footnotes":""},"class_list":["post-15","page","type-page","status-publish","hentry"],"_links":{"self":[{"href":"https:\/\/www.frantisek-melnicky.cz\/index.php\/wp-json\/wp\/v2\/pages\/15","targetHints":{"allow":["GET"]}}],"collection":[{"href":"https:\/\/www.frantisek-melnicky.cz\/index.php\/wp-json\/wp\/v2\/pages"}],"about":[{"href":"https:\/\/www.frantisek-melnicky.cz\/index.php\/wp-json\/wp\/v2\/types\/page"}],"author":[{"embeddable":true,"href":"https:\/\/www.frantisek-melnicky.cz\/index.php\/wp-json\/wp\/v2\/users\/1"}],"replies":[{"embeddable":true,"href":"https:\/\/www.frantisek-melnicky.cz\/index.php\/wp-json\/wp\/v2\/comments?post=15"}],"version-history":[{"count":6,"href":"https:\/\/www.frantisek-melnicky.cz\/index.php\/wp-json\/wp\/v2\/pages\/15\/revisions"}],"predecessor-version":[{"id":90,"href":"https:\/\/www.frantisek-melnicky.cz\/index.php\/wp-json\/wp\/v2\/pages\/15\/revisions\/90"}],"wp:attachment":[{"href":"https:\/\/www.frantisek-melnicky.cz\/index.php\/wp-json\/wp\/v2\/media?parent=15"}],"curies":[{"name":"wp","href":"https:\/\/api.w.org\/{rel}","templated":true}]}}