{"id":25,"date":"2016-11-19T17:11:19","date_gmt":"2016-11-19T16:11:19","guid":{"rendered":"http:\/\/www.frantisek-melnicky.cz\/?page_id=25"},"modified":"2017-01-01T19:13:59","modified_gmt":"2017-01-01T18:13:59","slug":"servis-plynovych-spotrebicu","status":"publish","type":"page","link":"https:\/\/www.frantisek-melnicky.cz\/index.php\/servis-plynovych-spotrebicu\/","title":{"rendered":"Servis plynov\u00fdch spot\u0159ebi\u010d\u016f"},"content":{"rendered":"<p>prov\u00e1d\u00edme servis plynov\u00fdch spot\u0159ebi\u010d\u016f<\/p>\n<p>\u010d\u00ed\u0161t\u011bn\u00ed topn\u00fdch syst\u00e9m\u016f<\/p>\n<figure class=\"wp-block-embed wp-block-embed-youtube is-type-video is-provider-youtube epyt-figure\"><div class=\"wp-block-embed__wrapper\"><iframe loading=\"lazy\"  id=\"_ytid_75248\"  width=\"800\" height=\"450\"  data-origwidth=\"800\" data-origheight=\"450\" src=\"https:\/\/www.youtube.com\/embed\/Nn9iG21C7Ao?enablejsapi=1&autoplay=0&cc_load_policy=0&cc_lang_pref=&iv_load_policy=1&loop=0&rel=1&fs=1&playsinline=0&autohide=2&theme=dark&color=red&controls=1&disablekb=0&\" class=\"__youtube_prefs__  no-lazyload\" title=\"YouTube player\"  allow=\"fullscreen; accelerometer; autoplay; clipboard-write; encrypted-media; gyroscope; picture-in-picture; web-share\" referrerpolicy=\"strict-origin-when-cross-origin\" allowfullscreen data-no-lazy=\"1\" data-skipgform_ajax_framebjll=\"\"><\/iframe><\/div><\/figure>\n<p>&nbsp;<\/p>\n","protected":false},"excerpt":{"rendered":"<p>prov\u00e1d\u00edme servis plynov\u00fdch spot\u0159ebi\u010d\u016f \u010d\u00ed\u0161t\u011bn\u00ed topn\u00fdch syst\u00e9m\u016f &nbsp;<\/p>\n","protected":false},"author":1,"featured_media":0,"parent":0,"menu_order":0,"comment_status":"closed","ping_status":"closed","template":"template-full-width.php","meta":{"footnotes":""},"class_list":["post-25","page","type-page","status-publish","hentry"],"_links":{"self":[{"href":"https:\/\/www.frantisek-melnicky.cz\/index.php\/wp-json\/wp\/v2\/pages\/25","targetHints":{"allow":["GET"]}}],"collection":[{"href":"https:\/\/www.frantisek-melnicky.cz\/index.php\/wp-json\/wp\/v2\/pages"}],"about":[{"href":"https:\/\/www.frantisek-melnicky.cz\/index.php\/wp-json\/wp\/v2\/types\/page"}],"author":[{"embeddable":true,"href":"https:\/\/www.frantisek-melnicky.cz\/index.php\/wp-json\/wp\/v2\/users\/1"}],"replies":[{"embeddable":true,"href":"https:\/\/www.frantisek-melnicky.cz\/index.php\/wp-json\/wp\/v2\/comments?post=25"}],"version-history":[{"count":2,"href":"https:\/\/www.frantisek-melnicky.cz\/index.php\/wp-json\/wp\/v2\/pages\/25\/revisions"}],"predecessor-version":[{"id":56,"href":"https:\/\/www.frantisek-melnicky.cz\/index.php\/wp-json\/wp\/v2\/pages\/25\/revisions\/56"}],"wp:attachment":[{"href":"https:\/\/www.frantisek-melnicky.cz\/index.php\/wp-json\/wp\/v2\/media?parent=25"}],"curies":[{"name":"wp","href":"https:\/\/api.w.org\/{rel}","templated":true}]}}